{"id":100861,"date":"2023-12-28T09:41:34","date_gmt":"2023-12-28T07:41:34","guid":{"rendered":"https:\/\/soderfjardenbb.fi\/?post_type=product&#038;p=100861"},"modified":"2024-01-16T13:57:29","modified_gmt":"2024-01-16T11:57:29","slug":"little-house","status":"publish","type":"product","link":"https:\/\/soderfjardenbb.fi\/fi\/accommodation\/little-house\/","title":{"rendered":"Pikkutalo"},"content":{"rendered":"<p><strong>Pikkutalo on varattavissa ajalla 15.4.-15.10.<\/strong><\/p>\n<p>T\u00e4m\u00e4 m\u00f6kki on kuin pieni museo, mutta se sis\u00e4lt\u00e4\u00e4 silti kaiken tarvitsemasi. On hieman taianomaista her\u00e4t\u00e4 siell\u00e4 kes\u00e4aamuna, kun aurinko paistaa 150 vuotta vanhan ikkunan l\u00e4pi! Talo ei ole suuri, mutta t\u00e4\u00e4ll\u00e4 asuvat viett\u00e4v\u00e4t aikaa, enemm\u00e4n tai v\u00e4hemm\u00e4n ulkona, suuren puutarhap\u00f6yd\u00e4n ymp\u00e4rill\u00e4 tai grillipaikalla, S\u00f6derfj\u00e4rdenin laidalla.<\/p>\n<p>Kun joku kysyy, montako siihen mahtuu asumaan, vastaamme aina; \u201dse riippuu siit\u00e4 kuinka hyvin tunnette toisianne\u201d! T\u00e4m\u00e4 on todella \u201dcosy living\u201d, t\u00e4ydellinen perheelle tai jopa h\u00e4\u00e4matkaa varten mutta todenn\u00e4k\u00f6isesti ei paras vaihtoehto ty\u00f6porukalle.<\/p>\n<p>Meill\u00e4 on iso s\u00e4nky (120cm) ja pienempi, 80cm. Tuvassa on kiinte\u00e4t penkit , joissa on hyv\u00e4t s\u00e4nkypatjat, sopii 1-3 hengelle (koosta ja henkil\u00f6st\u00e4 riippuen).  \n\nSiit\u00e4 l\u00f6ytyy mikroaaltouuni, pieni liesi, kahvinkeitin, grilli ja tietysti wc\/suihkutila. M\u00f6kin vieress\u00e4 on sauna, vieraita varten (sis\u00e4ltyy vuokraan).<\/p>","protected":false},"excerpt":{"rendered":"<p><strong>4 aikuista (tai 2 aikuista ja 3 lasta)<\/strong><\/p>","protected":false},"featured_media":100117,"comment_status":"open","ping_status":"closed","template":"","meta":{"_et_pb_use_builder":"on","_et_pb_old_content":"<strong>Little house is available for booking from 15.4.-15.10.<\/strong>\r\n\r\nThis cottage is like a little museum, still consisting everything what people of today needs. It\u2019s a kind of magic to wake up there, a summer morning when the sun is shining trough a 150 year old window! The house is not big but people living here spend their time, more or less outdoor, around the huge garden table or at the grill place, by the edge of S\u00f6derfj\u00e4rden.\r\n\r\nWhen people ask how many fits into this, we always answer that it depends of how well you know each other! This is really cosy living, super for a family or even for a couple on their honeymoon. This isn\u00b4t probably the best alternative for work mates.\r\n\r\nWe have one big bed (120cm) and one 80cm. In the kitchen there are wall-fixed benches with good madrass, suitable for 1-3 persons (depending on size of person). There is a micro-wave, little stove, coffee-machine, grill and of course toilet with shower. Next to the cottage there is a sauna which can be used by the guests (included in the rent). There are beddings but you it\u00b4s good if you bring your own sheets and towels.","_et_gb_content_width":""},"product_brand":[],"product_cat":[57],"product_tag":[],"class_list":{"0":"post-100861","1":"product","2":"type-product","3":"status-publish","4":"has-post-thumbnail","6":"product_cat-accommodation","8":"first","9":"instock","10":"virtual","11":"sold-individually","12":"taxable","13":"purchasable","14":"product-type-booking"},"_links":{"self":[{"href":"https:\/\/soderfjardenbb.fi\/fi\/wp-json\/wp\/v2\/product\/100861","targetHints":{"allow":["GET"]}}],"collection":[{"href":"https:\/\/soderfjardenbb.fi\/fi\/wp-json\/wp\/v2\/product"}],"about":[{"href":"https:\/\/soderfjardenbb.fi\/fi\/wp-json\/wp\/v2\/types\/product"}],"replies":[{"embeddable":true,"href":"https:\/\/soderfjardenbb.fi\/fi\/wp-json\/wp\/v2\/comments?post=100861"}],"wp:featuredmedia":[{"embeddable":true,"href":"https:\/\/soderfjardenbb.fi\/fi\/wp-json\/wp\/v2\/media\/100117"}],"wp:attachment":[{"href":"https:\/\/soderfjardenbb.fi\/fi\/wp-json\/wp\/v2\/media?parent=100861"}],"wp:term":[{"taxonomy":"product_brand","embeddable":true,"href":"https:\/\/soderfjardenbb.fi\/fi\/wp-json\/wp\/v2\/product_brand?post=100861"},{"taxonomy":"product_cat","embeddable":true,"href":"https:\/\/soderfjardenbb.fi\/fi\/wp-json\/wp\/v2\/product_cat?post=100861"},{"taxonomy":"product_tag","embeddable":true,"href":"https:\/\/soderfjardenbb.fi\/fi\/wp-json\/wp\/v2\/product_tag?post=100861"}],"curies":[{"name":"wp","href":"https:\/\/api.w.org\/{rel}","templated":true}]}}